{"id":167,"date":"2015-04-13T11:45:54","date_gmt":"2015-04-13T11:45:54","guid":{"rendered":"http:\/\/kamen-kregar.com\/?page_id=167"},"modified":"2020-09-22T08:49:04","modified_gmt":"2020-09-22T08:49:04","slug":"betonski-izdelki","status":"publish","type":"page","link":"http:\/\/kamen-kregar.com\/?page_id=167","title":{"rendered":"Betonski izdelki"},"content":{"rendered":"<h1>Betonski izdelki<\/h1>\n<p><em>Na\u0161a ponudba vklju\u010duje tudi \u0161iroko ponudbo betonskih izdelkov.<\/em><\/p>\n<p>Po kalupih izdelujemo razli\u010dne polkro\u017ene ali kro\u017ene betonske izdelke, ki so primerni za olep\u0161anje stebrov ali za za\u0161\u010dito plo\u010dnikov. Med potro\u0161niki so \u0161e posebej priljubljeni <span style=\"text-decoration: underline;\">visoki robniki.<\/span><\/p>\n<p>Verjamemo v neskon\u010dnost \u017eelja, za ostajamo odprti za nove ideje in mo\u017enosti.<\/p>\n<h5 style=\"text-align: justify; padding-left: 120px;\"><\/h5>\n","protected":false},"excerpt":{"rendered":"<p>Betonski izdelki Na\u0161a ponudba vklju\u010duje tudi \u0161iroko ponudbo betonskih izdelkov. Po kalupih izdelujemo razli\u010dne polkro\u017ene ali kro\u017ene betonske izdelke, ki so primerni za olep\u0161anje stebrov ali za za\u0161\u010dito plo\u010dnikov. Med potro\u0161niki so \u0161e posebej priljubljeni visoki robniki. Verjamemo v neskon\u010dnost \u017eelja, za ostajamo odprti za nove ideje in mo\u017enosti.<\/p>\n","protected":false},"author":1,"featured_media":0,"parent":0,"menu_order":0,"comment_status":"closed","ping_status":"closed","template":"","meta":[],"_links":{"self":[{"href":"http:\/\/kamen-kregar.com\/index.php?rest_route=\/wp\/v2\/pages\/167"}],"collection":[{"href":"http:\/\/kamen-kregar.com\/index.php?rest_route=\/wp\/v2\/pages"}],"about":[{"href":"http:\/\/kamen-kregar.com\/index.php?rest_route=\/wp\/v2\/types\/page"}],"author":[{"embeddable":true,"href":"http:\/\/kamen-kregar.com\/index.php?rest_route=\/wp\/v2\/users\/1"}],"replies":[{"embeddable":true,"href":"http:\/\/kamen-kregar.com\/index.php?rest_route=%2Fwp%2Fv2%2Fcomments&post=167"}],"version-history":[{"count":17,"href":"http:\/\/kamen-kregar.com\/index.php?rest_route=\/wp\/v2\/pages\/167\/revisions"}],"predecessor-version":[{"id":1004,"href":"http:\/\/kamen-kregar.com\/index.php?rest_route=\/wp\/v2\/pages\/167\/revisions\/1004"}],"wp:attachment":[{"href":"http:\/\/kamen-kregar.com\/index.php?rest_route=%2Fwp%2Fv2%2Fmedia&parent=167"}],"curies":[{"name":"wp","href":"https:\/\/api.w.org\/{rel}","templated":true}]}}