{"id":220,"date":"2015-04-13T14:44:14","date_gmt":"2015-04-13T14:44:14","guid":{"rendered":"http:\/\/kamen-kregar.com\/?page_id=220"},"modified":"2020-09-23T11:32:09","modified_gmt":"2020-09-23T11:32:09","slug":"dekorativni-kamen","status":"publish","type":"page","link":"http:\/\/kamen-kregar.com\/?page_id=220","title":{"rendered":"Dekorativni kamen"},"content":{"rendered":"<h1>Dekorativni kamen<\/h1>\n<p>\u010cas se spreminjajo in mi z njim, zato smo ponudbi klasi\u010dnih kamnov dodali \u0161e \u0161iroko ponudbo dekorativnega kamna, ki je kot nala\u0161\u010d za popestritev bivalnih prostorov ali okolice. Izberite barvo in vrsto kamna, ki Vam najbolj ustreza \u00a0in vnesite lepoto narave v Va\u0161 dom.<\/p>\n<p>\u00a0<\/p>\n\n\n<div class=\"wp-block-columns\">\n<div class=\"wp-block-column\">\n<figure class=\"wp-block-image size-large is-resized\"><img loading=\"lazy\" src=\"http:\/\/kamen-kregar.com\/wp-content\/uploads\/2020\/09\/Faux-Stone-For-Interior-Walls.jpg\" alt=\"\" class=\"wp-image-1101\" width=\"196\" height=\"120\" srcset=\"http:\/\/kamen-kregar.com\/wp-content\/uploads\/2020\/09\/Faux-Stone-For-Interior-Walls.jpg 1024w, http:\/\/kamen-kregar.com\/wp-content\/uploads\/2020\/09\/Faux-Stone-For-Interior-Walls-300x184.jpg 300w, http:\/\/kamen-kregar.com\/wp-content\/uploads\/2020\/09\/Faux-Stone-For-Interior-Walls-150x92.jpg 150w, http:\/\/kamen-kregar.com\/wp-content\/uploads\/2020\/09\/Faux-Stone-For-Interior-Walls-768x470.jpg 768w, http:\/\/kamen-kregar.com\/wp-content\/uploads\/2020\/09\/Faux-Stone-For-Interior-Walls-400x245.jpg 400w\" sizes=\"(max-width: 196px) 100vw, 196px\" \/><\/figure>\n<\/div>\n\n\n\n<div class=\"wp-block-column\">\n<figure class=\"wp-block-image size-large is-resized\"><img loading=\"lazy\" src=\"http:\/\/kamen-kregar.com\/wp-content\/uploads\/2020\/09\/rustika-v-dnevni-sobi-1148x716.jpg\" alt=\"\" class=\"wp-image-1099\" width=\"193\" height=\"120\" srcset=\"http:\/\/kamen-kregar.com\/wp-content\/uploads\/2020\/09\/rustika-v-dnevni-sobi-1148x716.jpg 1148w, http:\/\/kamen-kregar.com\/wp-content\/uploads\/2020\/09\/rustika-v-dnevni-sobi-300x187.jpg 300w, http:\/\/kamen-kregar.com\/wp-content\/uploads\/2020\/09\/rustika-v-dnevni-sobi-150x94.jpg 150w, http:\/\/kamen-kregar.com\/wp-content\/uploads\/2020\/09\/rustika-v-dnevni-sobi-768x479.jpg 768w, http:\/\/kamen-kregar.com\/wp-content\/uploads\/2020\/09\/rustika-v-dnevni-sobi-1536x958.jpg 1536w, http:\/\/kamen-kregar.com\/wp-content\/uploads\/2020\/09\/rustika-v-dnevni-sobi-400x249.jpg 400w, http:\/\/kamen-kregar.com\/wp-content\/uploads\/2020\/09\/rustika-v-dnevni-sobi.jpg 1900w\" sizes=\"(max-width: 193px) 100vw, 193px\" \/><\/figure>\n<\/div>\n\n\n\n<div class=\"wp-block-column\">\n<figure class=\"wp-block-image size-large\"><img loading=\"lazy\" width=\"1148\" height=\"694\" src=\"http:\/\/kamen-kregar.com\/wp-content\/uploads\/2020\/09\/slika-1-koncna-verzija-2-1148x694.jpg\" alt=\"\" class=\"wp-image-1104\" srcset=\"http:\/\/kamen-kregar.com\/wp-content\/uploads\/2020\/09\/slika-1-koncna-verzija-2-1148x694.jpg 1148w, http:\/\/kamen-kregar.com\/wp-content\/uploads\/2020\/09\/slika-1-koncna-verzija-2-300x181.jpg 300w, http:\/\/kamen-kregar.com\/wp-content\/uploads\/2020\/09\/slika-1-koncna-verzija-2-150x91.jpg 150w, http:\/\/kamen-kregar.com\/wp-content\/uploads\/2020\/09\/slika-1-koncna-verzija-2-768x464.jpg 768w, http:\/\/kamen-kregar.com\/wp-content\/uploads\/2020\/09\/slika-1-koncna-verzija-2-1536x929.jpg 1536w, http:\/\/kamen-kregar.com\/wp-content\/uploads\/2020\/09\/slika-1-koncna-verzija-2-400x242.jpg 400w, http:\/\/kamen-kregar.com\/wp-content\/uploads\/2020\/09\/slika-1-koncna-verzija-2.jpg 1778w\" sizes=\"(max-width: 1148px) 100vw, 1148px\" \/><\/figure>\n\n\n\n<p><\/p>\n<\/div>\n<\/div>\n\n\n\n<p><\/p>\n","protected":false},"excerpt":{"rendered":"<p>Dekorativni kamen \u010cas se spreminjajo in mi z njim, zato smo ponudbi klasi\u010dnih kamnov dodali \u0161e \u0161iroko ponudbo dekorativnega kamna, ki je kot nala\u0161\u010d za popestritev bivalnih prostorov ali okolice. Izberite barvo in vrsto kamna, ki Vam najbolj ustreza \u00a0in vnesite lepoto narave v Va\u0161 dom. \u00a0<\/p>\n","protected":false},"author":1,"featured_media":0,"parent":0,"menu_order":0,"comment_status":"closed","ping_status":"closed","template":"","meta":[],"_links":{"self":[{"href":"http:\/\/kamen-kregar.com\/index.php?rest_route=\/wp\/v2\/pages\/220"}],"collection":[{"href":"http:\/\/kamen-kregar.com\/index.php?rest_route=\/wp\/v2\/pages"}],"about":[{"href":"http:\/\/kamen-kregar.com\/index.php?rest_route=\/wp\/v2\/types\/page"}],"author":[{"embeddable":true,"href":"http:\/\/kamen-kregar.com\/index.php?rest_route=\/wp\/v2\/users\/1"}],"replies":[{"embeddable":true,"href":"http:\/\/kamen-kregar.com\/index.php?rest_route=%2Fwp%2Fv2%2Fcomments&post=220"}],"version-history":[{"count":23,"href":"http:\/\/kamen-kregar.com\/index.php?rest_route=\/wp\/v2\/pages\/220\/revisions"}],"predecessor-version":[{"id":1105,"href":"http:\/\/kamen-kregar.com\/index.php?rest_route=\/wp\/v2\/pages\/220\/revisions\/1105"}],"wp:attachment":[{"href":"http:\/\/kamen-kregar.com\/index.php?rest_route=%2Fwp%2Fv2%2Fmedia&parent=220"}],"curies":[{"name":"wp","href":"https:\/\/api.w.org\/{rel}","templated":true}]}}